{"id":230,"date":"2024-12-26T14:28:59","date_gmt":"2024-12-26T14:28:59","guid":{"rendered":"https:\/\/psicologaelejido.com\/?page_id=230"},"modified":"2024-12-26T14:33:22","modified_gmt":"2024-12-26T14:33:22","slug":"politica-de-cookies","status":"publish","type":"page","link":"https:\/\/psicologaelejido.com\/en\/politica-de-cookies\/","title":{"rendered":"Pol\u00edtica de cookies"},"content":{"rendered":"<p>[et_pb_section fb_built=\u00bb1&#8243; _builder_version=\u00bb4.27.0&#8243; _module_preset=\u00bbdefault\u00bb custom_padding=\u00bb60px||60px||true|\u00bb hover_enabled=\u00bb0&#8243; global_colors_info=\u00bb{}\u00bb theme_builder_area=\u00bbpost_content\u00bb background_color=\u00bb#F7D4BA\u00bb sticky_enabled=\u00bb0&#8243; inner_shadow=\u00bbon\u00bb][et_pb_row _builder_version=\u00bb4.27.0&#8243; _module_preset=\u00bbdefault\u00bb theme_builder_area=\u00bbpost_content\u00bb][et_pb_column _builder_version=\u00bb4.27.0&#8243; _module_preset=\u00bbdefault\u00bb type=\u00bb4_4&#8243; theme_builder_area=\u00bbpost_content\u00bb][et_pb_text _builder_version=\u00bb4.27.0&#8243; _module_preset=\u00bbdefault\u00bb theme_builder_area=\u00bbpost_content\u00bb text_font_size=\u00bb35px\u00bb text_text_color=\u00bb#000000&#8243; text_font=\u00bb|700|||||||\u00bb hover_enabled=\u00bb0&#8243; sticky_enabled=\u00bb0&#8243; text_orientation=\u00bbcenter\u00bb text_line_height=\u00bb1em\u00bb]<\/p>\n<p>Pol\u00edtica de cookies<\/p>\n<p>[\/et_pb_text][\/et_pb_column][\/et_pb_row][\/et_pb_section][et_pb_section fb_built=\u00bb1&#8243; theme_builder_area=\u00bbpost_content\u00bb _builder_version=\u00bb4.27.0&#8243; _module_preset=\u00bbdefault\u00bb][et_pb_row _builder_version=\u00bb4.27.0&#8243; _module_preset=\u00bbdefault\u00bb theme_builder_area=\u00bbpost_content\u00bb][et_pb_column _builder_version=\u00bb4.27.0&#8243; _module_preset=\u00bbdefault\u00bb type=\u00bb4_4&#8243; theme_builder_area=\u00bbpost_content\u00bb][et_pb_text _builder_version=\u00bb4.27.0&#8243; _module_preset=\u00bbdefault\u00bb theme_builder_area=\u00bbpost_content\u00bb hover_enabled=\u00bb0&#8243; sticky_enabled=\u00bb0&#8243;]<\/p>\n<h1 id=\"h_01HR3JD0VX0M5NFMP845JSP87E\"><strong>\u00bfQu\u00e9 es una cookie?<\/strong><\/h1>\n<p>Una cookie es un peque\u00f1o archivo de datos que se almacena en tu ordenador o dispositivo m\u00f3vil cuando visitas un sitio web, con el fin de habilitar funcionalidades b\u00e1sicas o adicionales de esas p\u00e1ginas.<\/p>\n<p>Puedes encontrar m\u00e1s informaci\u00f3n sobre las cookies en las siguientes p\u00e1ginas:<\/p>\n<ul>\n<li><a href=\"http:\/\/www.allaboutcookies.org\/\"><span class=\"wysiwyg-underline\">http:\/\/www.allaboutcookies.org\/<\/span><\/a><\/li>\n<li><a href=\"https:\/\/cookiepedia.co.uk\/\"><span class=\"wysiwyg-underline\">https:\/\/cookiepedia.co.uk\/<\/span><\/a><\/li>\n<\/ul>\n<p><strong>\u00bfPor qu\u00e9 Strikingly utiliza Cookies?<\/strong><\/p>\n<p>Las cookies utilizadas por Strikingly hacen que nuestro sitio web sea m\u00e1s f\u00e1cil de usar, por ejemplo, recordando las preferencias del sitio y la configuraci\u00f3n del idioma.<\/p>\n<p>Las cookies que utiliza Strikingly se pueden dividir en 3 tipos:<\/p>\n<table border=\"1\">\n<tbody>\n<tr>\n<td><strong>Tipos de cookies<\/strong><\/td>\n<td><strong>Lo que es<\/strong><\/td>\n<td><strong>Ejemplos t\u00edpicos<\/strong><\/td>\n<\/tr>\n<tr>\n<td>\n<p>Cookies necesarias<\/p>\n<\/td>\n<td>\n<p>Estas cookies permiten funciones b\u00e1sicas como la seguridad, la gesti\u00f3n de la red y la accesibilidad. Estas cookies no se pueden desactivar.<\/p>\n<\/td>\n<td>\n<p>&#8211; Mantener tu sesi\u00f3n iniciada.<\/p>\n<p>&#8211; Proporcionar el servicio que ha seleccionado, como Kickstart.<\/p>\n<p>&#8211; Para seguridad y prevenci\u00f3n del fraude, as\u00ed como para detectar y prevenir ciberataques.<\/p>\n<\/td>\n<\/tr>\n<tr>\n<td>\n<p>Cookies anal\u00edticas<\/p>\n<\/td>\n<td>\n<p>Estas cookies nos ayudan a comprender mejor c\u00f3mo interact\u00faan los visitantes con nuestro sitio web y nos ayudan a descubrir errores.<\/p>\n<\/td>\n<td>\n<p>&#8211; Comprender c\u00f3mo utiliza nuestro sitio web.<\/p>\n<p>&#8211; Supervisar y analizar el rendimiento, el funcionamiento y la eficacia para mejorar nuestro producto.<\/p>\n<\/td>\n<\/tr>\n<tr>\n<td>\n<p>Preferencias Cookies<\/p>\n<\/td>\n<td>\n<p>Estas cookies permiten que el sitio web recuerde las elecciones que ha hecho para proporcionar una funcionalidad y personalizaci\u00f3n mejoradas.<\/p>\n<\/td>\n<td>\n<p>&#8211; Mantener tus preferencias ling\u00fc\u00edsticas<\/p>\n<\/td>\n<\/tr>\n<\/tbody>\n<\/table>\n<h3 id=\"h_01HR3JHG7EN1B6F0AH8AZNS1M9\">\u00a0<\/h3>\n<h1 id=\"h_01HR3JH8QKQN39R4T9C7CDYRCT\"><strong>Cambia la configuraci\u00f3n de tus cookies\u00a0<\/strong><\/h1>\n<p>Si est\u00e1s en uno de los siguientes casos:<\/p>\n<ul>\n<li>Consentido \u00abAceptar todo\u00bb pero quiere cambiarlo a \u00abRechazar todo\u00bb<\/li>\n<li><span>Consentido a \u00abRechazar todo\u00bb pero quiere cambiarlo a \u00abAceptar todo\u00bb<img loading=\"lazy\" decoding=\"async\" src=\"https:\/\/support.strikingly.com\/hc\/article_attachments\/28722917885339\" width=\"322\" height=\"189\" \/><\/span><\/li>\n<li><span>Quiere ajustar las opciones marcadas en la configuraci\u00f3n de Cookies<img loading=\"lazy\" decoding=\"async\" src=\"https:\/\/support.strikingly.com\/hc\/article_attachments\/28722939392795\" width=\"321\" height=\"301\" \/><\/span><span><\/span><\/li>\n<\/ul>\n<p>&nbsp;<\/p>\n<p>Puedes cambiar la configuraci\u00f3n de las cookies siguiendo estos pasos:<\/p>\n<p>1. En primer lugar, busca los datos de las cookies de Strikingly existentes en tu navegador y b\u00f3rralos. Por ejemplo, en Google Chrome: En la parte superior derecha del navegador, haz clic en<span>\u00a0<\/span><strong>M\u00e1s<\/strong><span>\u00a0<\/span><span><img loading=\"lazy\" decoding=\"async\" src=\"https:\/\/support.strikingly.com\/hc\/article_attachments\/28722939409691\" alt=\"More\" width=\"19\" height=\"19\" \/><\/span>&gt;<span>\u00a0<\/span><strong>Borrar datos de navegaci\u00f3n&#8230;<\/strong><\/p>\n<p><span><strong><img loading=\"lazy\" decoding=\"async\" src=\"https:\/\/support.strikingly.com\/hc\/article_attachments\/28722939397147\" width=\"268\" height=\"127\" \/><\/strong><\/span><\/p>\n<p><span><strong><img loading=\"lazy\" decoding=\"async\" src=\"https:\/\/support.strikingly.com\/hc\/article_attachments\/28722917881115\" width=\"300\" height=\"276\" \/><\/strong><\/span><\/p>\n<p>2. La pr\u00f3xima vez que cargues una p\u00e1gina de Strikingly, podr\u00e1s volver a seleccionar las preferencias de cookies.<\/p>\n<p>&nbsp;<\/p>\n<p>Tambi\u00e9n es posible evitar que tu navegador acepte cookies cambiando la configuraci\u00f3n de cookies de tu navegador. Normalmente puedes encontrar esta configuraci\u00f3n en el men\u00fa \u00abOpciones\u00bb o \u00abPreferencias\u00bb de tu navegador.<\/p>\n<p>Los siguientes enlaces pueden ayudarte, o puedes utilizar la opci\u00f3n \u00abAyuda\u00bb de tu navegador.<\/p>\n<ul>\n<li><a href=\"http:\/\/support.mozilla.com\/en-US\/kb\/Enabling%20and%20disabling%20cookies\"><span class=\"wysiwyg-underline\">Cookie settings in Firefox<\/span><\/a><\/li>\n<li><a href=\"https:\/\/support.microsoft.com\/en-us\/help\/17442\/windows-internet-explorer-delete-manage-cookies\"><span class=\"wysiwyg-underline\">Cookie settings in Internet Explorer<\/span><\/a><\/li>\n<li><a href=\"http:\/\/www.google.com\/support\/chrome\/bin\/answer.py?answer=95647\"><span class=\"wysiwyg-underline\">Cookie settings in Google Chrome<\/span><\/a><\/li>\n<li><a href=\"http:\/\/support.apple.com\/kb\/PH17191?viewlocale=en_US&amp;locale=en_US\"><span class=\"wysiwyg-underline\">Cookie settings in Safari (OS X)<\/span><\/a><\/li>\n<li><a href=\"https:\/\/support.apple.com\/en-us\/HT201265\"><span class=\"wysiwyg-underline\">Cookie settings in Safari (iOS)<\/span><\/a><\/li>\n<li><a href=\"https:\/\/support.google.com\/accounts\/answer\/32050?co=GENIE.Platform%3DAndroid&amp;hl=en\"><span class=\"wysiwyg-underline\">Cookie settings in Android<\/span><\/a><\/li>\n<\/ul>\n<p>[\/et_pb_text][\/et_pb_column][\/et_pb_row][\/et_pb_section]<\/p>","protected":false},"excerpt":{"rendered":"<p>Pol\u00edtica de cookies\u00bfQu\u00e9 es una cookie? Una cookie es un peque\u00f1o archivo de datos que se almacena en tu ordenador o dispositivo m\u00f3vil cuando visitas un sitio web, con el fin de habilitar funcionalidades b\u00e1sicas o adicionales de esas p\u00e1ginas. Puedes encontrar m\u00e1s informaci\u00f3n sobre las cookies en las siguientes p\u00e1ginas: http:\/\/www.allaboutcookies.org\/ https:\/\/cookiepedia.co.uk\/ \u00bfPor qu\u00e9 [&hellip;]<\/p>","protected":false},"author":2,"featured_media":0,"parent":0,"menu_order":0,"comment_status":"closed","ping_status":"closed","template":"","meta":{"_et_pb_use_builder":"on","_et_pb_old_content":"","_et_gb_content_width":"","footnotes":""},"class_list":["post-230","page","type-page","status-publish","hentry"],"yoast_head":"<!-- This site is optimized with the Yoast SEO plugin v26.8 - https:\/\/yoast.com\/product\/yoast-seo-wordpress\/ -->\n<title>Pol\u00edtica de cookies - Lorena Garc\u00eda Ruz<\/title>\n<meta name=\"robots\" content=\"index, follow, max-snippet:-1, max-image-preview:large, max-video-preview:-1\" \/>\n<link rel=\"canonical\" href=\"https:\/\/psicologaelejido.com\/en\/politica-de-cookies\/\" \/>\n<meta property=\"og:locale\" content=\"en_GB\" \/>\n<meta property=\"og:type\" content=\"article\" \/>\n<meta property=\"og:title\" content=\"Pol\u00edtica de cookies - Lorena Garc\u00eda Ruz\" \/>\n<meta property=\"og:description\" content=\"Pol\u00edtica de cookies\u00bfQu\u00e9 es una cookie? Una cookie es un peque\u00f1o archivo de datos que se almacena en tu ordenador o dispositivo m\u00f3vil cuando visitas un sitio web, con el fin de habilitar funcionalidades b\u00e1sicas o adicionales de esas p\u00e1ginas. Puedes encontrar m\u00e1s informaci\u00f3n sobre las cookies en las siguientes p\u00e1ginas: http:\/\/www.allaboutcookies.org\/ https:\/\/cookiepedia.co.uk\/ \u00bfPor qu\u00e9 [&hellip;]\" \/>\n<meta property=\"og:url\" content=\"https:\/\/psicologaelejido.com\/en\/politica-de-cookies\/\" \/>\n<meta property=\"og:site_name\" content=\"Lorena Garc\u00eda Ruz\" \/>\n<meta property=\"article:modified_time\" content=\"2024-12-26T14:33:22+00:00\" \/>\n<meta property=\"og:image\" content=\"https:\/\/support.strikingly.com\/hc\/article_attachments\/28722917885339\" \/>\n<meta name=\"twitter:card\" content=\"summary_large_image\" \/>\n<meta name=\"twitter:label1\" content=\"Estimated reading time\" \/>\n\t<meta name=\"twitter:data1\" content=\"3 minutes\" \/>\n<script type=\"application\/ld+json\" class=\"yoast-schema-graph\">{\"@context\":\"https:\/\/schema.org\",\"@graph\":[{\"@type\":\"WebPage\",\"@id\":\"https:\/\/psicologaelejido.com\/politica-de-cookies\/\",\"url\":\"https:\/\/psicologaelejido.com\/politica-de-cookies\/\",\"name\":\"Pol\u00edtica de cookies - Lorena Garc\u00eda Ruz\",\"isPartOf\":{\"@id\":\"https:\/\/psicologaelejido.com\/#website\"},\"primaryImageOfPage\":{\"@id\":\"https:\/\/psicologaelejido.com\/politica-de-cookies\/#primaryimage\"},\"image\":{\"@id\":\"https:\/\/psicologaelejido.com\/politica-de-cookies\/#primaryimage\"},\"thumbnailUrl\":\"https:\/\/support.strikingly.com\/hc\/article_attachments\/28722917885339\",\"datePublished\":\"2024-12-26T14:28:59+00:00\",\"dateModified\":\"2024-12-26T14:33:22+00:00\",\"breadcrumb\":{\"@id\":\"https:\/\/psicologaelejido.com\/politica-de-cookies\/#breadcrumb\"},\"inLanguage\":\"en-GB\",\"potentialAction\":[{\"@type\":\"ReadAction\",\"target\":[\"https:\/\/psicologaelejido.com\/politica-de-cookies\/\"]}]},{\"@type\":\"ImageObject\",\"inLanguage\":\"en-GB\",\"@id\":\"https:\/\/psicologaelejido.com\/politica-de-cookies\/#primaryimage\",\"url\":\"https:\/\/support.strikingly.com\/hc\/article_attachments\/28722917885339\",\"contentUrl\":\"https:\/\/support.strikingly.com\/hc\/article_attachments\/28722917885339\"},{\"@type\":\"BreadcrumbList\",\"@id\":\"https:\/\/psicologaelejido.com\/politica-de-cookies\/#breadcrumb\",\"itemListElement\":[{\"@type\":\"ListItem\",\"position\":1,\"name\":\"Portada\",\"item\":\"https:\/\/psicologaelejido.com\/\"},{\"@type\":\"ListItem\",\"position\":2,\"name\":\"Pol\u00edtica de cookies\"}]},{\"@type\":\"WebSite\",\"@id\":\"https:\/\/psicologaelejido.com\/#website\",\"url\":\"https:\/\/psicologaelejido.com\/\",\"name\":\"Psicologa el ejido\",\"description\":\"Psic\u00f3loga El Ejido\",\"publisher\":{\"@id\":\"https:\/\/psicologaelejido.com\/#organization\"},\"potentialAction\":[{\"@type\":\"SearchAction\",\"target\":{\"@type\":\"EntryPoint\",\"urlTemplate\":\"https:\/\/psicologaelejido.com\/?s={search_term_string}\"},\"query-input\":{\"@type\":\"PropertyValueSpecification\",\"valueRequired\":true,\"valueName\":\"search_term_string\"}}],\"inLanguage\":\"en-GB\"},{\"@type\":\"Organization\",\"@id\":\"https:\/\/psicologaelejido.com\/#organization\",\"name\":\"Psicologa el ejido\",\"url\":\"https:\/\/psicologaelejido.com\/\",\"logo\":{\"@type\":\"ImageObject\",\"inLanguage\":\"en-GB\",\"@id\":\"https:\/\/psicologaelejido.com\/#\/schema\/logo\/image\/\",\"url\":\"https:\/\/psicologaelejido.com\/wp-content\/uploads\/2025\/01\/Logo-www.png\",\"contentUrl\":\"https:\/\/psicologaelejido.com\/wp-content\/uploads\/2025\/01\/Logo-www.png\",\"width\":300,\"height\":60,\"caption\":\"Psicologa el ejido\"},\"image\":{\"@id\":\"https:\/\/psicologaelejido.com\/#\/schema\/logo\/image\/\"}}]}<\/script>\n<!-- \/ Yoast SEO plugin. -->","yoast_head_json":{"title":"Pol\u00edtica de cookies - Lorena Garc\u00eda Ruz","robots":{"index":"index","follow":"follow","max-snippet":"max-snippet:-1","max-image-preview":"max-image-preview:large","max-video-preview":"max-video-preview:-1"},"canonical":"https:\/\/psicologaelejido.com\/en\/politica-de-cookies\/","og_locale":"en_GB","og_type":"article","og_title":"Pol\u00edtica de cookies - Lorena Garc\u00eda Ruz","og_description":"Pol\u00edtica de cookies\u00bfQu\u00e9 es una cookie? Una cookie es un peque\u00f1o archivo de datos que se almacena en tu ordenador o dispositivo m\u00f3vil cuando visitas un sitio web, con el fin de habilitar funcionalidades b\u00e1sicas o adicionales de esas p\u00e1ginas. Puedes encontrar m\u00e1s informaci\u00f3n sobre las cookies en las siguientes p\u00e1ginas: http:\/\/www.allaboutcookies.org\/ https:\/\/cookiepedia.co.uk\/ \u00bfPor qu\u00e9 [&hellip;]","og_url":"https:\/\/psicologaelejido.com\/en\/politica-de-cookies\/","og_site_name":"Lorena Garc\u00eda Ruz","article_modified_time":"2024-12-26T14:33:22+00:00","og_image":[{"url":"https:\/\/support.strikingly.com\/hc\/article_attachments\/28722917885339","type":"","width":"","height":""}],"twitter_card":"summary_large_image","twitter_misc":{"Estimated reading time":"3 minutes"},"schema":{"@context":"https:\/\/schema.org","@graph":[{"@type":"WebPage","@id":"https:\/\/psicologaelejido.com\/politica-de-cookies\/","url":"https:\/\/psicologaelejido.com\/politica-de-cookies\/","name":"Pol\u00edtica de cookies - Lorena Garc\u00eda Ruz","isPartOf":{"@id":"https:\/\/psicologaelejido.com\/#website"},"primaryImageOfPage":{"@id":"https:\/\/psicologaelejido.com\/politica-de-cookies\/#primaryimage"},"image":{"@id":"https:\/\/psicologaelejido.com\/politica-de-cookies\/#primaryimage"},"thumbnailUrl":"https:\/\/support.strikingly.com\/hc\/article_attachments\/28722917885339","datePublished":"2024-12-26T14:28:59+00:00","dateModified":"2024-12-26T14:33:22+00:00","breadcrumb":{"@id":"https:\/\/psicologaelejido.com\/politica-de-cookies\/#breadcrumb"},"inLanguage":"en-GB","potentialAction":[{"@type":"ReadAction","target":["https:\/\/psicologaelejido.com\/politica-de-cookies\/"]}]},{"@type":"ImageObject","inLanguage":"en-GB","@id":"https:\/\/psicologaelejido.com\/politica-de-cookies\/#primaryimage","url":"https:\/\/support.strikingly.com\/hc\/article_attachments\/28722917885339","contentUrl":"https:\/\/support.strikingly.com\/hc\/article_attachments\/28722917885339"},{"@type":"BreadcrumbList","@id":"https:\/\/psicologaelejido.com\/politica-de-cookies\/#breadcrumb","itemListElement":[{"@type":"ListItem","position":1,"name":"Portada","item":"https:\/\/psicologaelejido.com\/"},{"@type":"ListItem","position":2,"name":"Pol\u00edtica de cookies"}]},{"@type":"WebSite","@id":"https:\/\/psicologaelejido.com\/#website","url":"https:\/\/psicologaelejido.com\/","name":"Psicologa el ejido","description":"Psic\u00f3loga El Ejido","publisher":{"@id":"https:\/\/psicologaelejido.com\/#organization"},"potentialAction":[{"@type":"SearchAction","target":{"@type":"EntryPoint","urlTemplate":"https:\/\/psicologaelejido.com\/?s={search_term_string}"},"query-input":{"@type":"PropertyValueSpecification","valueRequired":true,"valueName":"search_term_string"}}],"inLanguage":"en-GB"},{"@type":"Organization","@id":"https:\/\/psicologaelejido.com\/#organization","name":"Psicologa el ejido","url":"https:\/\/psicologaelejido.com\/","logo":{"@type":"ImageObject","inLanguage":"en-GB","@id":"https:\/\/psicologaelejido.com\/#\/schema\/logo\/image\/","url":"https:\/\/psicologaelejido.com\/wp-content\/uploads\/2025\/01\/Logo-www.png","contentUrl":"https:\/\/psicologaelejido.com\/wp-content\/uploads\/2025\/01\/Logo-www.png","width":300,"height":60,"caption":"Psicologa el ejido"},"image":{"@id":"https:\/\/psicologaelejido.com\/#\/schema\/logo\/image\/"}}]}},"_links":{"self":[{"href":"https:\/\/psicologaelejido.com\/en\/wp-json\/wp\/v2\/pages\/230","targetHints":{"allow":["GET"]}}],"collection":[{"href":"https:\/\/psicologaelejido.com\/en\/wp-json\/wp\/v2\/pages"}],"about":[{"href":"https:\/\/psicologaelejido.com\/en\/wp-json\/wp\/v2\/types\/page"}],"author":[{"embeddable":true,"href":"https:\/\/psicologaelejido.com\/en\/wp-json\/wp\/v2\/users\/2"}],"replies":[{"embeddable":true,"href":"https:\/\/psicologaelejido.com\/en\/wp-json\/wp\/v2\/comments?post=230"}],"version-history":[{"count":4,"href":"https:\/\/psicologaelejido.com\/en\/wp-json\/wp\/v2\/pages\/230\/revisions"}],"predecessor-version":[{"id":235,"href":"https:\/\/psicologaelejido.com\/en\/wp-json\/wp\/v2\/pages\/230\/revisions\/235"}],"wp:attachment":[{"href":"https:\/\/psicologaelejido.com\/en\/wp-json\/wp\/v2\/media?parent=230"}],"curies":[{"name":"wp","href":"https:\/\/api.w.org\/{rel}","templated":true}]}}