{"id":236,"date":"2024-12-26T14:34:21","date_gmt":"2024-12-26T14:34:21","guid":{"rendered":"https:\/\/psicologaelejido.com\/?page_id=236"},"modified":"2024-12-26T14:38:52","modified_gmt":"2024-12-26T14:38:52","slug":"terminos-y-condiciones","status":"publish","type":"page","link":"https:\/\/psicologaelejido.com\/en\/terminos-y-condiciones\/","title":{"rendered":"T\u00e9rminos y condiciones"},"content":{"rendered":"<p>[et_pb_section fb_built=\u00bb1&#8243; inner_shadow=\u00bbon\u00bb _builder_version=\u00bb4.27.0&#8243; _module_preset=\u00bbdefault\u00bb background_color=\u00bb#F7D4BA\u00bb custom_padding=\u00bb60px||60px||true|\u00bb global_colors_info=\u00bb{}\u00bb][et_pb_row _builder_version=\u00bb4.27.0&#8243; _module_preset=\u00bbdefault\u00bb global_colors_info=\u00bb{}\u00bb][et_pb_column type=\u00bb4_4&#8243; _builder_version=\u00bb4.27.0&#8243; _module_preset=\u00bbdefault\u00bb global_colors_info=\u00bb{}\u00bb][et_pb_text _builder_version=\u00bb4.27.0&#8243; _module_preset=\u00bbdefault\u00bb text_font=\u00bb|700|||||||\u00bb text_text_color=\u00bb#000000&#8243; text_font_size=\u00bb35px\u00bb text_line_height=\u00bb1em\u00bb text_orientation=\u00bbcenter\u00bb hover_enabled=\u00bb0&#8243; global_colors_info=\u00bb{}\u00bb sticky_enabled=\u00bb0&#8243;]<\/p>\n<p>T\u00e9rminos y condiciones<\/p>\n<p>[\/et_pb_text][\/et_pb_column][\/et_pb_row][\/et_pb_section][et_pb_section fb_built=\u00bb1&#8243; _builder_version=\u00bb4.27.0&#8243; _module_preset=\u00bbdefault\u00bb global_colors_info=\u00bb{}\u00bb][et_pb_row _builder_version=\u00bb4.27.0&#8243; _module_preset=\u00bbdefault\u00bb global_colors_info=\u00bb{}\u00bb][et_pb_column type=\u00bb4_4&#8243; _builder_version=\u00bb4.27.0&#8243; _module_preset=\u00bbdefault\u00bb global_colors_info=\u00bb{}\u00bb][et_pb_text _builder_version=\u00bb4.27.0&#8243; _module_preset=\u00bbdefault\u00bb hover_enabled=\u00bb0&#8243; global_colors_info=\u00bb{}\u00bb text_font_size=\u00bb16px\u00bb text_text_color=\u00bb#000000&#8243; sticky_enabled=\u00bb0&#8243;]<\/p>\n<p><strong>WEB: Aviso legal<\/strong><\/p>\n<h2><strong>LEY DE LOS SERVICIOS DE LA SOCIEDAD DE LA INFORMACI\u00d3N (LSSI)<\/strong><\/h2>\n<p><strong><\/strong><\/p>\n<p>LORENA GARCIA RUZ, responsable del sitio web, en adelante RESPONSABLE, pone a disposici\u00f3n de los usuarios el presente documento, con el que pretende dar cumplimiento a las obligaciones dispuestas en la Ley 34\/2002, de 11 de julio, de Servicios de la Sociedad de la Informaci\u00f3n y de Comercio Electr\u00f3nico (LSSICE), BOE N.\u00ba 166, as\u00ed como informar a todos los usuarios del sitio web respecto a cu\u00e1les son las condiciones de uso.<br \/>Toda persona que acceda a este sitio web asume el papel de usuario, comprometi\u00e9ndose a la observancia y cumplimiento riguroso de las disposiciones aqu\u00ed dispuestas, as\u00ed como a cualquier otra disposici\u00f3n legal que fuera de aplicaci\u00f3n.<\/p>\n<p>LORENA GARCIA RUZ se reserva el derecho de modificar cualquier tipo de informaci\u00f3n que pudiera aparecer en el sitio web, sin que exista obligaci\u00f3n de preavisar o poner en conocimiento de los usuarios dichas obligaciones, entendi\u00e9ndose como suficiente la publicaci\u00f3n en el sitio web de LORENA<br \/><strong>GARCIA RUZ.<\/strong><\/p>\n<p><strong>1. DATOS IDENTIFICATIVOS<\/strong><br \/>Nombre de dominio: https:\/\/psicologaelejido.com\/<br \/>Nombre comercial:<br \/>Denominaci\u00f3n social: LORENA GARCIA RUZ<br \/>NIF: 54099299X<br \/>Domicilio social: Calle Granada 48, Centro Sondean, El Ejido (Almer\u00eda)<br \/>Tel\u00e9fono: &#8230;&#8230;&#8230;&#8230;&#8230;&#8230;&#8230;&#8230;&#8230;&#8230;&#8230;&#8230;&#8230;&#8230;&#8230;&#8230;..<br \/>e-mail: &#8230;&#8230;&#8230;&#8230;&#8230;&#8230;&#8230;&#8230;&#8230;&#8230;&#8230;&#8230;&#8230;&#8230;&#8230;&#8230;..<br \/>Inscrita en el Registro (Mercantil \/ P\u00fablico):<\/p>\n<p><strong>2. DERECHOS DE PROPIEDAD INTELECTUAL E INDUSTRIAL<\/strong><br \/>El sitio web, incluyendo a t\u00edtulo enunciativo pero no limitativo su programaci\u00f3n, edici\u00f3n, compilaci\u00f3n y dem\u00e1s elementos necesarios para su funcionamiento, los dise\u00f1os, logotipos, texto y\/o gr\u00e1ficos, son propiedad del RESPONSABLE o, si es el caso, dispone de licencia o autorizaci\u00f3n expresa por parte de los autores. Todos los contenidos del sitio web se encuentran debidamente protegidos por la normativa de propiedad intelectual e industrial, as\u00ed como inscritos en los registros p\u00fablicos correspondientes.<br \/>Independientemente de la finalidad para la que fueran destinados, la reproducci\u00f3n total o parcial, uso, explotaci\u00f3n, distribuci\u00f3n y comercializaci\u00f3n, requiere en todo caso la autorizaci\u00f3n escrita previa por parte del RESPONSABLE. Cualquier uso no autorizado previamente se considera un incumplimiento<br \/>grave de los derechos de propiedad intelectual o industrial del autor.<br \/>Los dise\u00f1os, logotipos, texto y\/o gr\u00e1ficos ajenos al RESPONSABLE y que pudieran aparecer en el sitio web, pertenecen a sus respectivos propietarios, siendo ellos mismos responsables de cualquier posible controversia que pudiera suscitarse respecto a los mismos. El RESPONSABLE autoriza expresamente a que terceros puedan redirigir directamente a los contenidos concretos del sitio web, y en todo caso redirigir al sitio web principal de https:\/\/psicologaelejido.com\/.<\/p>\n<p>El RESPONSABLE reconoce a favor de sus titulares los correspondientes derechos de propiedad intelectual e industrial, no implicando su sola menci\u00f3n o aparici\u00f3n en el sitio web la existencia de derechos o responsabilidad alguna sobre los mismos, como tampoco respaldo, patrocinio o<br \/>recomendaci\u00f3n por parte del mismo.<br \/>Para realizar cualquier tipo de observaci\u00f3n respecto a posibles incumplimientos de los derechos de propiedad intelectual o industrial, as\u00ed como sobre cualquiera de los contenidos del sitio web, puede hacerlo a trav\u00e9s del correo electr\u00f3nico garuzlorena@gmail.com.<\/p>\n<p><strong>3. EXENCI\u00d3N DE RESPONSABILIDADES<\/strong><br \/>El RESPONSABLE se exime de cualquier tipo de responsabilidad derivada de la informaci\u00f3n publicada en su sitio web siempre que esta informaci\u00f3n haya sido manipulada o introducida por un tercero ajeno al mismo.<\/p>\n<p><strong>Uso de Cookies<\/strong><br \/>Este sitio web puede utilizar cookies t\u00e9cnicas (peque\u00f1os archivos de informaci\u00f3n que el servidor env\u00eda al ordenador de quien accede a la p\u00e1gina) para llevar a cabo determinadas funciones que son consideradas imprescindibles para el correcto funcionamiento y visualizaci\u00f3n del sitio. Las cookies<br \/>utilizadas tienen, en todo caso, car\u00e1cter temporal, con la \u00fanica finalidad de hacer m\u00e1s eficaz la navegaci\u00f3n, y desaparecen al terminar la sesi\u00f3n del usuario. En ning\u00fan caso, estas cookies proporcionan por s\u00ed mismas datos de car\u00e1cter personal y no se utilizar\u00e1n para la recogida de los<br \/>mismos.<br \/>Mediante el uso de cookies tambi\u00e9n es posible que el servidor donde se encuentra la web reconozca el navegador utilizado por el usuario con la finalidad de que la navegaci\u00f3n sea m\u00e1s sencilla, permitiendo, por ejemplo, el acceso de los usuarios que se hayan registrado previamente a las \u00e1reas, servicios, promociones o concursos reservados exclusivamente a ellos sin tener que registrarse en cada visita.<br \/>Tambi\u00e9n se pueden utilizar para medir la audiencia, par\u00e1metros de tr\u00e1fico, controlar el progreso y n\u00famero de entradas, etc., siendo en estos casos cookies prescindibles t\u00e9cnicamente, pero beneficiosas para el usuario. Este sitio web no instalar\u00e1 cookies prescindibles sin el consentimiento<br \/>previo del usuario.<br \/>El usuario tiene la posibilidad de configurar su navegador para ser alertado de la recepci\u00f3n de cookies y para impedir su instalaci\u00f3n en su equipo. Por favor, consulte las instrucciones de su navegador para ampliar esta informaci\u00f3n.<\/p>\n<p><strong>Pol\u00edtica de enlaces<\/strong><br \/>Desde el sitio web, es posible que se redirija a contenidos de terceros sitios web. Dado que el RESPONSABLE no puede controlar siempre los contenidos introducidos por terceros en sus respectivos sitios web, no asume ning\u00fan tipo de responsabilidad respecto a dichos contenidos. En todo caso, proceder\u00e1 a la retirada inmediata de cualquier contenido que pudiera contravenir la legislaci\u00f3n<br \/>nacional o internacional, la moral o el orden p\u00fablico, procediendo a la retirada inmediata de la redirecci\u00f3n a dicho sitio web, poniendo en conocimiento de las autoridades competentes el contenido en cuesti\u00f3n.<br \/>El RESPONSABLE no se hace responsable de la informaci\u00f3n y contenidos almacenados, a t\u00edtulo enunciativo pero no limitativo, en foros, chats, generadores de blogs, comentarios, redes sociales o cualquier otro medio que permita a terceros publicar contenidos de forma independiente en la p\u00e1gina<br \/>web del RESPONSABLE. Sin embargo, y en cumplimiento de lo dispuesto en los art\u00edculos 11 y 16 de la LSSICE, se pone a disposici\u00f3n de todos los usuarios, autoridades y fuerzas de seguridad, colaborando de forma activa en la retirada o, en su caso, bloqueo de todos aquellos contenidos que puedan afectar o contravenir la legislaci\u00f3n nacional o internacional, los derechos de terceros o la moral y el orden p\u00fablico. En caso de que el usuario considere que existe en el sitio web alg\u00fan contenido que pudiera ser susceptible de esta clasificaci\u00f3n, se ruega lo notifique de forma inmediata al administrador<br \/>del sitio web.<br \/>Este sitio web se ha revisado y probado para que funcione correctamente. En principio, puede garantizarse el correcto funcionamiento los 365 d\u00edas del a\u00f1o, 24 horas al d\u00eda. Sin embargo, el RESPONSABLE no descarta la posibilidad de que existan ciertos errores de programaci\u00f3n, o que acontezcan causas de fuerza mayor, cat\u00e1strofes naturales, huelgas o circunstancias semejantes que<br \/>hagan imposible el acceso a la p\u00e1gina web.<br \/>Direcciones IP<br \/>Los servidores del sitio web podr\u00e1n detectar de manera autom\u00e1tica la direcci\u00f3n IP y el nombre de dominio utilizados por el usuario. Una direcci\u00f3n IP es un n\u00famero asignado autom\u00e1ticamente a un ordenador cuando este se conecta a Internet. Toda esta informaci\u00f3n se registra en un fichero de actividad del servidor que permite el posterior procesamiento de los datos con el fin de obtener mediciones \u00fanicamente estad\u00edsticas que permitan conocer el n\u00famero de impresiones de p\u00e1ginas, el n\u00famero de visitas realizadas a los servidores web, el orden de visitas, el punto de acceso, etc.<\/p>\n<p><strong>4. LEY APLICABLE Y JURISDICCI\u00d3N<\/strong><br \/>Para la resoluci\u00f3n de todas las controversias o cuestiones relacionadas con el presente sitio web o de las actividades en \u00e9l desarrolladas, ser\u00e1 de aplicaci\u00f3n la legislaci\u00f3n espa\u00f1ola, a la que se someten expresamente las partes, siendo competentes para la resoluci\u00f3n de todos los conflictos derivados o relacionados con su uso los Juzgados y Tribunales m\u00e1s cercanos a EL EJIDO.<\/p>\n<ul><\/ul>\n<p>[\/et_pb_text][\/et_pb_column][\/et_pb_row][\/et_pb_section]<\/p>","protected":false},"excerpt":{"rendered":"<p>T\u00e9rminos y condicionesWEB: Aviso legal LEY DE LOS SERVICIOS DE LA SOCIEDAD DE LA INFORMACI\u00d3N (LSSI) LORENA GARCIA RUZ, responsable del sitio web, en adelante RESPONSABLE, pone a disposici\u00f3n de los usuarios el presente documento, con el que pretende dar cumplimiento a las obligaciones dispuestas en la Ley 34\/2002, de 11 de julio, de Servicios [&hellip;]<\/p>","protected":false},"author":2,"featured_media":0,"parent":0,"menu_order":0,"comment_status":"closed","ping_status":"closed","template":"","meta":{"_et_pb_use_builder":"on","_et_pb_old_content":"[et_pb_section fb_built=\"1\" _builder_version=\"4.27.0\" _module_preset=\"default\" custom_padding=\"60px||60px||true|\" hover_enabled=\"0\" global_colors_info=\"{}\" theme_builder_area=\"post_content\" background_color=\"#F7D4BA\" sticky_enabled=\"0\" inner_shadow=\"on\"][et_pb_row _builder_version=\"4.27.0\" _module_preset=\"default\" theme_builder_area=\"post_content\"][et_pb_column _builder_version=\"4.27.0\" _module_preset=\"default\" type=\"4_4\" theme_builder_area=\"post_content\"][et_pb_text _builder_version=\"4.27.0\" _module_preset=\"default\" theme_builder_area=\"post_content\" text_font_size=\"35px\" text_text_color=\"#000000\" text_font=\"|700|||||||\" hover_enabled=\"0\" sticky_enabled=\"0\" text_orientation=\"center\" text_line_height=\"1em\"]<p>Pol\u00edtica de cookies<\/p>[\/et_pb_text][\/et_pb_column][\/et_pb_row][\/et_pb_section][et_pb_section fb_built=\"1\" theme_builder_area=\"post_content\" _builder_version=\"4.27.0\" _module_preset=\"default\"][et_pb_row _builder_version=\"4.27.0\" _module_preset=\"default\" theme_builder_area=\"post_content\"][et_pb_column _builder_version=\"4.27.0\" _module_preset=\"default\" type=\"4_4\" theme_builder_area=\"post_content\"][et_pb_text _builder_version=\"4.27.0\" _module_preset=\"default\" theme_builder_area=\"post_content\" hover_enabled=\"0\" sticky_enabled=\"0\"]<h1 id=\"h_01HR3JD0VX0M5NFMP845JSP87E\"><strong>\u00bfQu\u00e9 es una cookie?<\/strong><\/h1>\n<p>Una cookie es un peque\u00f1o archivo de datos que se almacena en tu ordenador o dispositivo m\u00f3vil cuando visitas un sitio web, con el fin de habilitar funcionalidades b\u00e1sicas o adicionales de esas p\u00e1ginas.<\/p>\n<p>Puedes encontrar m\u00e1s informaci\u00f3n sobre las cookies en las siguientes p\u00e1ginas:<\/p>\n<ul>\n<li><a href=\"http:\/\/www.allaboutcookies.org\/\"><span class=\"wysiwyg-underline\">http:\/\/www.allaboutcookies.org\/<\/span><\/a><\/li>\n<li><a href=\"https:\/\/cookiepedia.co.uk\/\"><span class=\"wysiwyg-underline\">https:\/\/cookiepedia.co.uk\/<\/span><\/a><\/li>\n<\/ul>\n<p><strong>\u00bfPor qu\u00e9 Strikingly utiliza Cookies?<\/strong><\/p>\n<p>Las cookies utilizadas por Strikingly hacen que nuestro sitio web sea m\u00e1s f\u00e1cil de usar, por ejemplo, recordando las preferencias del sitio y la configuraci\u00f3n del idioma.<\/p>\n<p>Las cookies que utiliza Strikingly se pueden dividir en 3 tipos:<\/p>\n<table border=\"1\">\n<tbody>\n<tr>\n<td><strong>Tipos de cookies<\/strong><\/td>\n<td><strong>Lo que es<\/strong><\/td>\n<td><strong>Ejemplos t\u00edpicos<\/strong><\/td>\n<\/tr>\n<tr>\n<td>\n<p>Cookies necesarias<\/p>\n<\/td>\n<td>\n<p>Estas cookies permiten funciones b\u00e1sicas como la seguridad, la gesti\u00f3n de la red y la accesibilidad. Estas cookies no se pueden desactivar.<\/p>\n<\/td>\n<td>\n<p>- Mantener tu sesi\u00f3n iniciada.<\/p>\n<p>- Proporcionar el servicio que ha seleccionado, como Kickstart.<\/p>\n<p>- Para seguridad y prevenci\u00f3n del fraude, as\u00ed como para detectar y prevenir ciberataques.<\/p>\n<\/td>\n<\/tr>\n<tr>\n<td>\n<p>Cookies anal\u00edticas<\/p>\n<\/td>\n<td>\n<p>Estas cookies nos ayudan a comprender mejor c\u00f3mo interact\u00faan los visitantes con nuestro sitio web y nos ayudan a descubrir errores.<\/p>\n<\/td>\n<td>\n<p>- Comprender c\u00f3mo utiliza nuestro sitio web.<\/p>\n<p>- Supervisar y analizar el rendimiento, el funcionamiento y la eficacia para mejorar nuestro producto.<\/p>\n<\/td>\n<\/tr>\n<tr>\n<td>\n<p>Preferencias Cookies<\/p>\n<\/td>\n<td>\n<p>Estas cookies permiten que el sitio web recuerde las elecciones que ha hecho para proporcionar una funcionalidad y personalizaci\u00f3n mejoradas.<\/p>\n<\/td>\n<td>\n<p>- Mantener tus preferencias ling\u00fc\u00edsticas<\/p>\n<\/td>\n<\/tr>\n<\/tbody>\n<\/table>\n<h3 id=\"h_01HR3JHG7EN1B6F0AH8AZNS1M9\">\u00a0<\/h3>\n<h1 id=\"h_01HR3JH8QKQN39R4T9C7CDYRCT\"><strong>Cambia la configuraci\u00f3n de tus cookies\u00a0<\/strong><\/h1>\n<p>Si est\u00e1s en uno de los siguientes casos:<\/p>\n<ul>\n<li>Consentido \"Aceptar todo\" pero quiere cambiarlo a \"Rechazar todo\"<\/li>\n<li><span>Consentido a \"Rechazar todo\" pero quiere cambiarlo a \"Aceptar todo\"<img src=\"https:\/\/support.strikingly.com\/hc\/article_attachments\/28722917885339\" width=\"322\" height=\"189\" \/><\/span><\/li>\n<li><span>Quiere ajustar las opciones marcadas en la configuraci\u00f3n de Cookies<img src=\"https:\/\/support.strikingly.com\/hc\/article_attachments\/28722939392795\" width=\"321\" height=\"301\" \/><\/span><span><\/span><\/li>\n<\/ul>\n<p>&nbsp;<\/p>\n<p>Puedes cambiar la configuraci\u00f3n de las cookies siguiendo estos pasos:<\/p>\n<p>1. En primer lugar, busca los datos de las cookies de Strikingly existentes en tu navegador y b\u00f3rralos. Por ejemplo, en Google Chrome: En la parte superior derecha del navegador, haz clic en<span>\u00a0<\/span><strong>M\u00e1s<\/strong><span>\u00a0<\/span><span><img src=\"https:\/\/support.strikingly.com\/hc\/article_attachments\/28722939409691\" alt=\"More\" width=\"19\" height=\"19\" \/><\/span>&gt;<span>\u00a0<\/span><strong>Borrar datos de navegaci\u00f3n...<\/strong><\/p>\n<p><span><strong><img src=\"https:\/\/support.strikingly.com\/hc\/article_attachments\/28722939397147\" width=\"268\" height=\"127\" \/><\/strong><\/span><\/p>\n<p><span><strong><img src=\"https:\/\/support.strikingly.com\/hc\/article_attachments\/28722917881115\" width=\"300\" height=\"276\" \/><\/strong><\/span><\/p>\n<p>2. La pr\u00f3xima vez que cargues una p\u00e1gina de Strikingly, podr\u00e1s volver a seleccionar las preferencias de cookies.<\/p>\n<p>&nbsp;<\/p>\n<p>Tambi\u00e9n es posible evitar que tu navegador acepte cookies cambiando la configuraci\u00f3n de cookies de tu navegador. Normalmente puedes encontrar esta configuraci\u00f3n en el men\u00fa \"Opciones\" o \"Preferencias\" de tu navegador.<\/p>\n<p>Los siguientes enlaces pueden ayudarte, o puedes utilizar la opci\u00f3n \"Ayuda\" de tu navegador.<\/p>\n<ul>\n<li><a href=\"http:\/\/support.mozilla.com\/en-US\/kb\/Enabling%20and%20disabling%20cookies\"><span class=\"wysiwyg-underline\">Cookie settings in Firefox<\/span><\/a><\/li>\n<li><a href=\"https:\/\/support.microsoft.com\/en-us\/help\/17442\/windows-internet-explorer-delete-manage-cookies\"><span class=\"wysiwyg-underline\">Cookie settings in Internet Explorer<\/span><\/a><\/li>\n<li><a href=\"http:\/\/www.google.com\/support\/chrome\/bin\/answer.py?answer=95647\"><span class=\"wysiwyg-underline\">Cookie settings in Google Chrome<\/span><\/a><\/li>\n<li><a href=\"http:\/\/support.apple.com\/kb\/PH17191?viewlocale=en_US&amp;locale=en_US\"><span class=\"wysiwyg-underline\">Cookie settings in Safari (OS X)<\/span><\/a><\/li>\n<li><a href=\"https:\/\/support.apple.com\/en-us\/HT201265\"><span class=\"wysiwyg-underline\">Cookie settings in Safari (iOS)<\/span><\/a><\/li>\n<li><a href=\"https:\/\/support.google.com\/accounts\/answer\/32050?co=GENIE.Platform%3DAndroid&amp;hl=en\"><span class=\"wysiwyg-underline\">Cookie settings in Android<\/span><\/a><\/li>\n<\/ul>[\/et_pb_text][\/et_pb_column][\/et_pb_row][\/et_pb_section]","_et_gb_content_width":"","footnotes":""},"class_list":["post-236","page","type-page","status-publish","hentry"],"yoast_head":"<!-- This site is optimized with the Yoast SEO plugin v26.8 - https:\/\/yoast.com\/product\/yoast-seo-wordpress\/ -->\n<title>T\u00e9rminos y condiciones - Lorena Garc\u00eda Ruz<\/title>\n<meta name=\"robots\" content=\"index, follow, max-snippet:-1, max-image-preview:large, max-video-preview:-1\" \/>\n<link rel=\"canonical\" href=\"https:\/\/psicologaelejido.com\/en\/terminos-y-condiciones\/\" \/>\n<meta property=\"og:locale\" content=\"en_GB\" \/>\n<meta property=\"og:type\" content=\"article\" \/>\n<meta property=\"og:title\" content=\"T\u00e9rminos y condiciones - Lorena Garc\u00eda Ruz\" \/>\n<meta property=\"og:description\" content=\"T\u00e9rminos y condicionesWEB: Aviso legal LEY DE LOS SERVICIOS DE LA SOCIEDAD DE LA INFORMACI\u00d3N (LSSI) LORENA GARCIA RUZ, responsable del sitio web, en adelante RESPONSABLE, pone a disposici\u00f3n de los usuarios el presente documento, con el que pretende dar cumplimiento a las obligaciones dispuestas en la Ley 34\/2002, de 11 de julio, de Servicios [&hellip;]\" \/>\n<meta property=\"og:url\" content=\"https:\/\/psicologaelejido.com\/en\/terminos-y-condiciones\/\" \/>\n<meta property=\"og:site_name\" content=\"Lorena Garc\u00eda Ruz\" \/>\n<meta property=\"article:modified_time\" content=\"2024-12-26T14:38:52+00:00\" \/>\n<meta name=\"twitter:card\" content=\"summary_large_image\" \/>\n<meta name=\"twitter:label1\" content=\"Estimated reading time\" \/>\n\t<meta name=\"twitter:data1\" content=\"7 minutes\" \/>\n<script type=\"application\/ld+json\" class=\"yoast-schema-graph\">{\"@context\":\"https:\/\/schema.org\",\"@graph\":[{\"@type\":\"WebPage\",\"@id\":\"https:\/\/psicologaelejido.com\/terminos-y-condiciones\/\",\"url\":\"https:\/\/psicologaelejido.com\/terminos-y-condiciones\/\",\"name\":\"T\u00e9rminos y condiciones - Lorena Garc\u00eda Ruz\",\"isPartOf\":{\"@id\":\"https:\/\/psicologaelejido.com\/#website\"},\"datePublished\":\"2024-12-26T14:34:21+00:00\",\"dateModified\":\"2024-12-26T14:38:52+00:00\",\"breadcrumb\":{\"@id\":\"https:\/\/psicologaelejido.com\/terminos-y-condiciones\/#breadcrumb\"},\"inLanguage\":\"en-GB\",\"potentialAction\":[{\"@type\":\"ReadAction\",\"target\":[\"https:\/\/psicologaelejido.com\/terminos-y-condiciones\/\"]}]},{\"@type\":\"BreadcrumbList\",\"@id\":\"https:\/\/psicologaelejido.com\/terminos-y-condiciones\/#breadcrumb\",\"itemListElement\":[{\"@type\":\"ListItem\",\"position\":1,\"name\":\"Portada\",\"item\":\"https:\/\/psicologaelejido.com\/\"},{\"@type\":\"ListItem\",\"position\":2,\"name\":\"T\u00e9rminos y condiciones\"}]},{\"@type\":\"WebSite\",\"@id\":\"https:\/\/psicologaelejido.com\/#website\",\"url\":\"https:\/\/psicologaelejido.com\/\",\"name\":\"Psicologa el ejido\",\"description\":\"Psic\u00f3loga El Ejido\",\"publisher\":{\"@id\":\"https:\/\/psicologaelejido.com\/#organization\"},\"potentialAction\":[{\"@type\":\"SearchAction\",\"target\":{\"@type\":\"EntryPoint\",\"urlTemplate\":\"https:\/\/psicologaelejido.com\/?s={search_term_string}\"},\"query-input\":{\"@type\":\"PropertyValueSpecification\",\"valueRequired\":true,\"valueName\":\"search_term_string\"}}],\"inLanguage\":\"en-GB\"},{\"@type\":\"Organization\",\"@id\":\"https:\/\/psicologaelejido.com\/#organization\",\"name\":\"Psicologa el ejido\",\"url\":\"https:\/\/psicologaelejido.com\/\",\"logo\":{\"@type\":\"ImageObject\",\"inLanguage\":\"en-GB\",\"@id\":\"https:\/\/psicologaelejido.com\/#\/schema\/logo\/image\/\",\"url\":\"https:\/\/psicologaelejido.com\/wp-content\/uploads\/2025\/01\/Logo-www.png\",\"contentUrl\":\"https:\/\/psicologaelejido.com\/wp-content\/uploads\/2025\/01\/Logo-www.png\",\"width\":300,\"height\":60,\"caption\":\"Psicologa el ejido\"},\"image\":{\"@id\":\"https:\/\/psicologaelejido.com\/#\/schema\/logo\/image\/\"}}]}<\/script>\n<!-- \/ Yoast SEO plugin. -->","yoast_head_json":{"title":"T\u00e9rminos y condiciones - Lorena Garc\u00eda Ruz","robots":{"index":"index","follow":"follow","max-snippet":"max-snippet:-1","max-image-preview":"max-image-preview:large","max-video-preview":"max-video-preview:-1"},"canonical":"https:\/\/psicologaelejido.com\/en\/terminos-y-condiciones\/","og_locale":"en_GB","og_type":"article","og_title":"T\u00e9rminos y condiciones - Lorena Garc\u00eda Ruz","og_description":"T\u00e9rminos y condicionesWEB: Aviso legal LEY DE LOS SERVICIOS DE LA SOCIEDAD DE LA INFORMACI\u00d3N (LSSI) LORENA GARCIA RUZ, responsable del sitio web, en adelante RESPONSABLE, pone a disposici\u00f3n de los usuarios el presente documento, con el que pretende dar cumplimiento a las obligaciones dispuestas en la Ley 34\/2002, de 11 de julio, de Servicios [&hellip;]","og_url":"https:\/\/psicologaelejido.com\/en\/terminos-y-condiciones\/","og_site_name":"Lorena Garc\u00eda Ruz","article_modified_time":"2024-12-26T14:38:52+00:00","twitter_card":"summary_large_image","twitter_misc":{"Estimated reading time":"7 minutes"},"schema":{"@context":"https:\/\/schema.org","@graph":[{"@type":"WebPage","@id":"https:\/\/psicologaelejido.com\/terminos-y-condiciones\/","url":"https:\/\/psicologaelejido.com\/terminos-y-condiciones\/","name":"T\u00e9rminos y condiciones - Lorena Garc\u00eda Ruz","isPartOf":{"@id":"https:\/\/psicologaelejido.com\/#website"},"datePublished":"2024-12-26T14:34:21+00:00","dateModified":"2024-12-26T14:38:52+00:00","breadcrumb":{"@id":"https:\/\/psicologaelejido.com\/terminos-y-condiciones\/#breadcrumb"},"inLanguage":"en-GB","potentialAction":[{"@type":"ReadAction","target":["https:\/\/psicologaelejido.com\/terminos-y-condiciones\/"]}]},{"@type":"BreadcrumbList","@id":"https:\/\/psicologaelejido.com\/terminos-y-condiciones\/#breadcrumb","itemListElement":[{"@type":"ListItem","position":1,"name":"Portada","item":"https:\/\/psicologaelejido.com\/"},{"@type":"ListItem","position":2,"name":"T\u00e9rminos y condiciones"}]},{"@type":"WebSite","@id":"https:\/\/psicologaelejido.com\/#website","url":"https:\/\/psicologaelejido.com\/","name":"Psicologa el ejido","description":"Psic\u00f3loga El Ejido","publisher":{"@id":"https:\/\/psicologaelejido.com\/#organization"},"potentialAction":[{"@type":"SearchAction","target":{"@type":"EntryPoint","urlTemplate":"https:\/\/psicologaelejido.com\/?s={search_term_string}"},"query-input":{"@type":"PropertyValueSpecification","valueRequired":true,"valueName":"search_term_string"}}],"inLanguage":"en-GB"},{"@type":"Organization","@id":"https:\/\/psicologaelejido.com\/#organization","name":"Psicologa el ejido","url":"https:\/\/psicologaelejido.com\/","logo":{"@type":"ImageObject","inLanguage":"en-GB","@id":"https:\/\/psicologaelejido.com\/#\/schema\/logo\/image\/","url":"https:\/\/psicologaelejido.com\/wp-content\/uploads\/2025\/01\/Logo-www.png","contentUrl":"https:\/\/psicologaelejido.com\/wp-content\/uploads\/2025\/01\/Logo-www.png","width":300,"height":60,"caption":"Psicologa el ejido"},"image":{"@id":"https:\/\/psicologaelejido.com\/#\/schema\/logo\/image\/"}}]}},"_links":{"self":[{"href":"https:\/\/psicologaelejido.com\/en\/wp-json\/wp\/v2\/pages\/236","targetHints":{"allow":["GET"]}}],"collection":[{"href":"https:\/\/psicologaelejido.com\/en\/wp-json\/wp\/v2\/pages"}],"about":[{"href":"https:\/\/psicologaelejido.com\/en\/wp-json\/wp\/v2\/types\/page"}],"author":[{"embeddable":true,"href":"https:\/\/psicologaelejido.com\/en\/wp-json\/wp\/v2\/users\/2"}],"replies":[{"embeddable":true,"href":"https:\/\/psicologaelejido.com\/en\/wp-json\/wp\/v2\/comments?post=236"}],"version-history":[{"count":3,"href":"https:\/\/psicologaelejido.com\/en\/wp-json\/wp\/v2\/pages\/236\/revisions"}],"predecessor-version":[{"id":240,"href":"https:\/\/psicologaelejido.com\/en\/wp-json\/wp\/v2\/pages\/236\/revisions\/240"}],"wp:attachment":[{"href":"https:\/\/psicologaelejido.com\/en\/wp-json\/wp\/v2\/media?parent=236"}],"curies":[{"name":"wp","href":"https:\/\/api.w.org\/{rel}","templated":true}]}}