{"id":350,"date":"2026-02-18T14:05:51","date_gmt":"2026-02-18T14:05:51","guid":{"rendered":"https:\/\/psicologaelejido.com\/?page_id=350"},"modified":"2026-02-18T14:13:59","modified_gmt":"2026-02-18T14:13:59","slug":"autoestima","status":"publish","type":"page","link":"https:\/\/psicologaelejido.com\/en\/autoestima\/","title":{"rendered":"Autoestima"},"content":{"rendered":"<p>[et_pb_section fb_built=\u00bb1&#8243; custom_padding_last_edited=\u00bbon|tablet\u00bb _builder_version=\u00bb4.27.0&#8243; _module_preset=\u00bbdefault\u00bb use_background_color_gradient=\u00bbon\u00bb background_color_gradient_stops=\u00bb#eedbe9 0%|#29c4a9 100%\u00bb background_image=\u00bbhttps:\/\/psicologaelejido.com\/wp-content\/uploads\/2024\/12\/mAR-scaled.jpg\u00bb custom_margin=\u00bb0px||0px||false|false\u00bb custom_padding=\u00bb60px|70px|60px|70px|true|false\u00bb custom_padding_tablet=\u00bb120px|40px|90px|40px|false|false\u00bb custom_padding_phone=\u00bb90px|20px|90px|20px|false|false\u00bb animation_style=\u00bbfade\u00bb animation_speed_curve=\u00bbease\u00bb background_last_edited=\u00bbon|tablet\u00bb background_position_tablet=\u00bbcenter_left\u00bb global_colors_info=\u00bb{}\u00bb][et_pb_row column_structure=\u00bb1_2,1_2&#8243; _builder_version=\u00bb4.27.0&#8243; _module_preset=\u00bbdefault\u00bb width=\u00bb90%\u00bb max_width=\u00bb1290px\u00bb custom_margin=\u00bb0px|auto|31px|auto|false|false\u00bb custom_padding=\u00bb0px||0px||false|false\u00bb global_colors_info=\u00bb{}\u00bb][et_pb_column type=\u00bb1_2&#8243; _builder_version=\u00bb4.27.0&#8243; _module_preset=\u00bbdefault\u00bb global_colors_info=\u00bb{}\u00bb][et_pb_text content_tablet=\u00bb<\/p>\n<h1>Aesthetic <img src=\"%22https:\/\/psicologaelejido.com\/wp-content\/uploads\/2024\/12\/plastic-surgery-6-bax-1.webp%22\" width=\"%22132%22\" height=\"%22216%22\" alt=\"%22%22\" class=\"%22wp-image-69723\" alignnone size-full%22 style=\"%22vertical-align:\" -15px;%22 \/> mastery for a distinctive you<\/h1>\n<p>\u00bb content_phone=\u00bb<\/p>\n<h1>Aesthetic <img src=\"%22https:\/\/psicologaelejido.com\/wp-content\/uploads\/2024\/12\/plastic-surgery-6-bax-1.webp%22\" width=\"%2278%22\" height=\"%22216%22\" alt=\"%22%22\" class=\"%22wp-image-69723\" alignnone size-full%22 style=\"%22vertical-align:\" -15px;%22 \/> mastery for a distinctive you<\/h1>\n<p>\u00bb content_last_edited=\u00bboff|phone\u00bb _builder_version=\u00bb4.27.0&#8243; _module_preset=\u00bbdefault\u00bb header_font=\u00bb&#8211;et_global_heading_font|100|||||||\u00bb header_text_align=\u00bbleft\u00bb header_text_color=\u00bb#FFFFFF\u00bb header_font_size=\u00bb55px\u00bb header_line_height=\u00bb1.2em\u00bb max_width=\u00bb1040px\u00bb custom_margin=\u00bb56px||5px||false|false\u00bb custom_margin_tablet=\u00bb0px||60px||false|false\u00bb custom_margin_phone=\u00bb0px||15px||false|false\u00bb custom_margin_last_edited=\u00bbon|tablet\u00bb custom_padding=\u00bb0px||0px||false|false\u00bb animation_style=\u00bbslide\u00bb animation_direction=\u00bbright\u00bb animation_delay=\u00bb500ms\u00bb animation_intensity_slide=\u00bb2%\u00bb animation_speed_curve=\u00bbease\u00bb header_font_size_tablet=\u00bb84px\u00bb header_font_size_phone=\u00bb40px\u00bb header_font_size_last_edited=\u00bbon|tablet\u00bb header_text_shadow_style=\u00bbpreset3&#8243; global_colors_info=\u00bb{}\u00bb]<\/p>\n<h1><b>Autoestima<\/b><\/h1>\n<p>[\/et_pb_text][\/et_pb_column][et_pb_column type=\u00bb1_2&#8243; _builder_version=\u00bb4.23.4&#8243; _module_preset=\u00bbdefault\u00bb global_colors_info=\u00bb{}\u00bb][\/et_pb_column][\/et_pb_row][\/et_pb_section][et_pb_section fb_built=\u00bb1&#8243; custom_padding_last_edited=\u00bbon|phone\u00bb _builder_version=\u00bb4.27.0&#8243; _module_preset=\u00bbdefault\u00bb custom_margin=\u00bb0px||0px||false|false\u00bb custom_padding=\u00bb12px||0px||false|false\u00bb custom_padding_tablet=\u00bb120px||0px||false|false\u00bb custom_padding_phone=\u00bb0px||0px||true|false\u00bb global_colors_info=\u00bb{}\u00bb][et_pb_row _builder_version=\u00bb4.27.0&#8243; _module_preset=\u00bbdefault\u00bb custom_padding=\u00bb70px||70px||true|\u00bb global_colors_info=\u00bb{}\u00bb][et_pb_column type=\u00bb4_4&#8243; _builder_version=\u00bb4.27.0&#8243; _module_preset=\u00bbdefault\u00bb global_colors_info=\u00bb{}\u00bb][et_pb_text _builder_version=\u00bb4.27.0&#8243; _module_preset=\u00bbdefault\u00bb text_font=\u00bb|300|||||||\u00bb text_text_color=\u00bb#FB8F90&#8243; text_font_size=\u00bb45px\u00bb text_line_height=\u00bb1em\u00bb global_colors_info=\u00bb{}\u00bb]<\/p>\n<p style=\"text-align: left;\">Este programa es para ti si:<\/p>\n<p>[\/et_pb_text][dsm_icon_list icon_color=\u00bb#FB8F90&#8243; icon_font_size=\u00bb25px\u00bb list_space_between=\u00bb8px\u00bb text_indent=\u00bb10px\u00bb _builder_version=\u00bb4.27.0&#8243; _module_preset=\u00bbdefault\u00bb text_text_color=\u00bb#000000&#8243; text_font_size=\u00bb16px\u00bb global_colors_info=\u00bb{}\u00bb][dsm_icon_list_child text=\u00bbSientes que siempre te exiges demasiado y te cuesta darte permiso para equivocarte o descansar.\u00bb _builder_version=\u00bb4.27.0&#8243; _module_preset=\u00bbdefault\u00bb global_colors_info=\u00bb{}\u00bb][\/dsm_icon_list_child][dsm_icon_list_child text=\u00bbTe das cuenta de que tu autoestima depende demasiado de lo que otros piensan, dicen o hacen.\u00bb _builder_version=\u00bb4.27.0&#8243; _module_preset=\u00bbdefault\u00bb global_colors_info=\u00bb{}\u00bb][\/dsm_icon_list_child][dsm_icon_list_child text=\u00bbTienes miedo a la soledad o te cuesta estar contigo sin sentirte incompleta o insegura.\u00bb _builder_version=\u00bb4.27.0&#8243; _module_preset=\u00bbdefault\u00bb global_colors_info=\u00bb{}\u00bb][\/dsm_icon_list_child][dsm_icon_list_child text=\u00bbQuieres aprender a sostenerte, a cuidarte y a estar de tu lado.\u00bb _builder_version=\u00bb4.27.0&#8243; _module_preset=\u00bbdefault\u00bb global_colors_info=\u00bb{}\u00bb][\/dsm_icon_list_child][\/dsm_icon_list][et_pb_text _builder_version=\u00bb4.27.0&#8243; _module_preset=\u00bbdefault\u00bb text_font=\u00bb|300|||||||\u00bb text_text_color=\u00bb#FB8F90&#8243; text_font_size=\u00bb45px\u00bb text_line_height=\u00bb1em\u00bb global_colors_info=\u00bb{}\u00bb]<\/p>\n<p>Despu\u00e9s de este programa comprender\u00e1s que:<\/p>\n<p>[\/et_pb_text][dsm_icon_list icon_color=\u00bb#FB8F90&#8243; icon_font_size=\u00bb25px\u00bb list_space_between=\u00bb8px\u00bb text_indent=\u00bb10px\u00bb _builder_version=\u00bb4.27.0&#8243; _module_preset=\u00bbdefault\u00bb text_text_color=\u00bb#000000&#8243; text_font_size=\u00bb16px\u00bb global_colors_info=\u00bb{}\u00bb][dsm_icon_list_child text=\u00bbTu autoestima puede fortalecerte por dentro.\u00bb _builder_version=\u00bb4.27.0&#8243; _module_preset=\u00bbdefault\u00bb global_colors_info=\u00bb{}\u00bb][\/dsm_icon_list_child][dsm_icon_list_child text=\u00bbLa dependencia emocional y el miedo a la soledad son se\u00f1ales de que tu base interna necesita sost\u00e9n, no de que \u201ceres insuficiente\u201d.\u00bb _builder_version=\u00bb4.27.0&#8243; _module_preset=\u00bbdefault\u00bb global_colors_info=\u00bb{}\u00bb][\/dsm_icon_list_child][dsm_icon_list_child text=\u00bbEs posible sostenerte a ti misma, amar y conectar desde la libertad y no desde la necesidad o el miedo.\u00bb _builder_version=\u00bb4.27.0&#8243; _module_preset=\u00bbdefault\u00bb global_colors_info=\u00bb{}\u00bb][\/dsm_icon_list_child][\/dsm_icon_list][et_pb_text _builder_version=\u00bb4.27.0&#8243; _module_preset=\u00bbdefault\u00bb text_font=\u00bb|300|||||||\u00bb text_text_color=\u00bb#FB8F90&#8243; text_font_size=\u00bb45px\u00bb text_line_height=\u00bb1em\u00bb global_colors_info=\u00bb{}\u00bb]<\/p>\n<div>\n<p>Tu di\u00e1logo interno, tu cuerpo y tus h\u00e1bitos diarios son herramientas poderosas para transformar c\u00f3mo te sientes contigo y con los dem\u00e1s.<\/p>\n<\/div>\n<p>[\/et_pb_text][et_pb_button button_url=\u00bbhttps:\/\/www.instagram.com\/p\/DUtK310jaBw\/?igsh=MWp5bXJveDFicDB1bw==\u00bb button_text=\u00bbM\u00e1s informaci\u00f3n\u00bb button_alignment=\u00bbcenter\u00bb _builder_version=\u00bb4.27.0&#8243; _module_preset=\u00bbdefault\u00bb custom_button=\u00bbon\u00bb button_text_size=\u00bb16px\u00bb button_text_color=\u00bb#FFFFFF\u00bb button_bg_color=\u00bb#E7B3C0&#8243; button_border_width=\u00bb0px\u00bb button_border_radius=\u00bb0px\u00bb button_letter_spacing=\u00bb1.8px\u00bb button_font=\u00bb|||on|||||\u00bb button_icon=\u00bb&#x24;||divi||400&#8243; custom_margin=\u00bb36px||0px||false|false\u00bb custom_padding=\u00bb16px|50px|16px|50px|false|false\u00bb hover_enabled=\u00bb0&#8243; locked=\u00bboff\u00bb global_colors_info=\u00bb{}\u00bb button_bg_color__hover_enabled=\u00bbon|desktop\u00bb button_bg_color__hover=\u00bb#c49896&#8243; button_bg_enable_color__hover=\u00bbon\u00bb sticky_enabled=\u00bb0&#8243;][\/et_pb_button][\/et_pb_column][\/et_pb_row][\/et_pb_section][et_pb_section fb_built=\u00bb1&#8243; custom_padding_last_edited=\u00bbon|tablet\u00bb prev_background_color=\u00bb#ffffff\u00bb _builder_version=\u00bb4.27.0&#8243; _module_preset=\u00bbdefault\u00bb background_color=\u00bb#EEDBE9&#8243; background_image=\u00bbhttps:\/\/psicologaelejido.com\/wp-content\/uploads\/2024\/12\/Camino.jpg\u00bb background_position=\u00bbbottom_right\u00bb background_blend=\u00bbmultiply\u00bb custom_margin=\u00bb0px||0px||false|false\u00bb custom_padding=\u00bb212px||212px||true|false\u00bb custom_padding_tablet=\u00bb330px||||false|false\u00bb custom_padding_phone=\u00bb220px||220px||true|false\u00bb top_divider_style=\u00bbasymmetric2&#8243; top_divider_height=\u00bb50px\u00bb top_divider_repeat=\u00bb1x\u00bb top_divider_flip=\u00bbhorizontal\u00bb bottom_divider_style=\u00bbasymmetric2&#8243; bottom_divider_color=\u00bb#EEDBE9&#8243; global_colors_info=\u00bb{}\u00bb][et_pb_row _builder_version=\u00bb4.27.0&#8243; _module_preset=\u00bbdefault\u00bb custom_padding=\u00bb6px||6px||true|\u00bb global_colors_info=\u00bb{}\u00bb][et_pb_column type=\u00bb4_4&#8243; _builder_version=\u00bb4.27.0&#8243; _module_preset=\u00bbdefault\u00bb global_colors_info=\u00bb{}\u00bb][et_pb_text _builder_version=\u00bb4.27.0&#8243; _module_preset=\u00bbdefault\u00bb header_2_text_align=\u00bbcenter\u00bb header_2_text_color=\u00bb#FFFFFF\u00bb header_2_font_size=\u00bb45px\u00bb text_orientation=\u00bbcenter\u00bb max_width_tablet=\u00bb100%\u00bb max_width_phone=\u00bb100%\u00bb max_width_last_edited=\u00bbon|tablet\u00bb header_2_font_size_tablet=\u00bb48px\u00bb header_2_font_size_phone=\u00bb30px\u00bb header_2_font_size_last_edited=\u00bbon|phone\u00bb locked=\u00bboff\u00bb global_colors_info=\u00bb{}\u00bb]<\/p>\n<h2 style=\"text-align: center;\"><span style=\"font-weight: 400;\">\u00bf<strong>Empezamos<\/strong> a hablar?<\/span><\/h2>\n<p>[\/et_pb_text][et_pb_button button_url=\u00bb#contacto\u00bb button_text=\u00bbContacta conmigo\u00bb button_alignment=\u00bbcenter\u00bb _builder_version=\u00bb4.27.0&#8243; _module_preset=\u00bbdefault\u00bb custom_button=\u00bbon\u00bb button_text_size=\u00bb16px\u00bb button_text_color=\u00bb#FFFFFF\u00bb button_bg_color=\u00bb#E7B3C0&#8243; button_border_width=\u00bb0px\u00bb button_border_radius=\u00bb0px\u00bb button_letter_spacing=\u00bb1.8px\u00bb button_font=\u00bb|||on|||||\u00bb button_icon=\u00bb&#x24;||divi||400&#8243; custom_margin=\u00bb36px||0px||false|false\u00bb custom_padding=\u00bb16px|50px|16px|50px|false|false\u00bb locked=\u00bboff\u00bb global_colors_info=\u00bb{}\u00bb button_bg_color__hover_enabled=\u00bbon|desktop\u00bb button_bg_color__hover=\u00bb#c49896&#8243; button_bg_enable_color__hover=\u00bbon\u00bb][\/et_pb_button][\/et_pb_column][\/et_pb_row][\/et_pb_section]<\/p>","protected":false},"excerpt":{"rendered":"<p>AutoestimaEste programa es para ti si:<div class=\"et_pb_module dsm_icon_list dsm_icon_list_0\">\n\t\t\t\t\n\t\t\t\t\n\t\t\t\t\n\t\t\t\t\n\t\t\t\t\n\t\t\t\t\n\t\t\t\t<div class=\"et_pb_module_inner\">\n\t\t\t\t\t<ul class=\"dsm_icon_list_items dsm_icon_list_ltr_direction dsm_icon_list_layout_vertical\"><\/ul>\n\t\t\t\t<\/div>\n\t\t\t<\/div><li class=\"dsm_icon_list_child dsm_icon_list_child_0\">\n\t\t\t\t\n\t\t\t\t\n\t\t\t\t\n\t\t\t\t\n\t\t\t\t<span class=\"dsm_icon_list_wrapper\"><span class=\"dsm_icon_list_icon\">P<\/span><\/span><span class=\"dsm_icon_list_text\">Sientes que siempre te exiges demasiado y te cuesta darte permiso para equivocarte o descansar.<\/span>\n\t\t\t<\/li><li class=\"dsm_icon_list_child dsm_icon_list_child_1\">\n\t\t\t\t\n\t\t\t\t\n\t\t\t\t\n\t\t\t\t\n\t\t\t\t<span class=\"dsm_icon_list_wrapper\"><span class=\"dsm_icon_list_icon\">P<\/span><\/span><span class=\"dsm_icon_list_text\">Te das cuenta de que tu autoestima depende demasiado de lo que otros piensan, dicen o hacen.<\/span>\n\t\t\t<\/li><li class=\"dsm_icon_list_child dsm_icon_list_child_2\">\n\t\t\t\t\n\t\t\t\t\n\t\t\t\t\n\t\t\t\t\n\t\t\t\t<span class=\"dsm_icon_list_wrapper\"><span class=\"dsm_icon_list_icon\">P<\/span><\/span><span class=\"dsm_icon_list_text\">\u00bbTienes<\/span>\n\t\t\t<\/li><\/p>","protected":false},"author":2,"featured_media":0,"parent":0,"menu_order":0,"comment_status":"closed","ping_status":"closed","template":"","meta":{"_et_pb_use_builder":"on","_et_pb_old_content":"","_et_gb_content_width":"","footnotes":""},"class_list":["post-350","page","type-page","status-publish","hentry"],"yoast_head":"<!-- This site is optimized with the Yoast SEO plugin v26.8 - https:\/\/yoast.com\/product\/yoast-seo-wordpress\/ -->\n<title>Autoestima - Lorena Garc\u00eda Ruz<\/title>\n<meta name=\"robots\" content=\"index, follow, max-snippet:-1, max-image-preview:large, max-video-preview:-1\" \/>\n<link rel=\"canonical\" href=\"https:\/\/psicologaelejido.com\/en\/autoestima\/\" \/>\n<meta property=\"og:locale\" content=\"en_GB\" \/>\n<meta property=\"og:type\" content=\"article\" \/>\n<meta property=\"og:title\" content=\"Autoestima - Lorena Garc\u00eda Ruz\" \/>\n<meta property=\"og:description\" content=\"AutoestimaEste programa es para ti si:\" \/>\n<meta property=\"og:url\" content=\"https:\/\/psicologaelejido.com\/en\/autoestima\/\" \/>\n<meta property=\"og:site_name\" content=\"Lorena Garc\u00eda Ruz\" \/>\n<meta property=\"article:modified_time\" content=\"2026-02-18T14:13:59+00:00\" \/>\n<meta name=\"twitter:card\" content=\"summary_large_image\" \/>\n<script type=\"application\/ld+json\" class=\"yoast-schema-graph\">{\"@context\":\"https:\/\/schema.org\",\"@graph\":[{\"@type\":\"WebPage\",\"@id\":\"https:\/\/psicologaelejido.com\/autoestima\/\",\"url\":\"https:\/\/psicologaelejido.com\/autoestima\/\",\"name\":\"Autoestima - Lorena Garc\u00eda Ruz\",\"isPartOf\":{\"@id\":\"https:\/\/psicologaelejido.com\/#website\"},\"datePublished\":\"2026-02-18T14:05:51+00:00\",\"dateModified\":\"2026-02-18T14:13:59+00:00\",\"breadcrumb\":{\"@id\":\"https:\/\/psicologaelejido.com\/autoestima\/#breadcrumb\"},\"inLanguage\":\"en-GB\",\"potentialAction\":[{\"@type\":\"ReadAction\",\"target\":[\"https:\/\/psicologaelejido.com\/autoestima\/\"]}]},{\"@type\":\"BreadcrumbList\",\"@id\":\"https:\/\/psicologaelejido.com\/autoestima\/#breadcrumb\",\"itemListElement\":[{\"@type\":\"ListItem\",\"position\":1,\"name\":\"Portada\",\"item\":\"https:\/\/psicologaelejido.com\/\"},{\"@type\":\"ListItem\",\"position\":2,\"name\":\"Autoestima\"}]},{\"@type\":\"WebSite\",\"@id\":\"https:\/\/psicologaelejido.com\/#website\",\"url\":\"https:\/\/psicologaelejido.com\/\",\"name\":\"Psicologa el ejido\",\"description\":\"Psic\u00f3loga El Ejido\",\"publisher\":{\"@id\":\"https:\/\/psicologaelejido.com\/#organization\"},\"potentialAction\":[{\"@type\":\"SearchAction\",\"target\":{\"@type\":\"EntryPoint\",\"urlTemplate\":\"https:\/\/psicologaelejido.com\/?s={search_term_string}\"},\"query-input\":{\"@type\":\"PropertyValueSpecification\",\"valueRequired\":true,\"valueName\":\"search_term_string\"}}],\"inLanguage\":\"en-GB\"},{\"@type\":\"Organization\",\"@id\":\"https:\/\/psicologaelejido.com\/#organization\",\"name\":\"Psicologa el ejido\",\"url\":\"https:\/\/psicologaelejido.com\/\",\"logo\":{\"@type\":\"ImageObject\",\"inLanguage\":\"en-GB\",\"@id\":\"https:\/\/psicologaelejido.com\/#\/schema\/logo\/image\/\",\"url\":\"https:\/\/psicologaelejido.com\/wp-content\/uploads\/2025\/01\/Logo-www.png\",\"contentUrl\":\"https:\/\/psicologaelejido.com\/wp-content\/uploads\/2025\/01\/Logo-www.png\",\"width\":300,\"height\":60,\"caption\":\"Psicologa el ejido\"},\"image\":{\"@id\":\"https:\/\/psicologaelejido.com\/#\/schema\/logo\/image\/\"}}]}<\/script>\n<!-- \/ Yoast SEO plugin. -->","yoast_head_json":{"title":"Autoestima - Lorena Garc\u00eda Ruz","robots":{"index":"index","follow":"follow","max-snippet":"max-snippet:-1","max-image-preview":"max-image-preview:large","max-video-preview":"max-video-preview:-1"},"canonical":"https:\/\/psicologaelejido.com\/en\/autoestima\/","og_locale":"en_GB","og_type":"article","og_title":"Autoestima - Lorena Garc\u00eda Ruz","og_description":"AutoestimaEste programa es para ti si:","og_url":"https:\/\/psicologaelejido.com\/en\/autoestima\/","og_site_name":"Lorena Garc\u00eda Ruz","article_modified_time":"2026-02-18T14:13:59+00:00","twitter_card":"summary_large_image","schema":{"@context":"https:\/\/schema.org","@graph":[{"@type":"WebPage","@id":"https:\/\/psicologaelejido.com\/autoestima\/","url":"https:\/\/psicologaelejido.com\/autoestima\/","name":"Autoestima - Lorena Garc\u00eda Ruz","isPartOf":{"@id":"https:\/\/psicologaelejido.com\/#website"},"datePublished":"2026-02-18T14:05:51+00:00","dateModified":"2026-02-18T14:13:59+00:00","breadcrumb":{"@id":"https:\/\/psicologaelejido.com\/autoestima\/#breadcrumb"},"inLanguage":"en-GB","potentialAction":[{"@type":"ReadAction","target":["https:\/\/psicologaelejido.com\/autoestima\/"]}]},{"@type":"BreadcrumbList","@id":"https:\/\/psicologaelejido.com\/autoestima\/#breadcrumb","itemListElement":[{"@type":"ListItem","position":1,"name":"Portada","item":"https:\/\/psicologaelejido.com\/"},{"@type":"ListItem","position":2,"name":"Autoestima"}]},{"@type":"WebSite","@id":"https:\/\/psicologaelejido.com\/#website","url":"https:\/\/psicologaelejido.com\/","name":"Psicologa el ejido","description":"Psic\u00f3loga El Ejido","publisher":{"@id":"https:\/\/psicologaelejido.com\/#organization"},"potentialAction":[{"@type":"SearchAction","target":{"@type":"EntryPoint","urlTemplate":"https:\/\/psicologaelejido.com\/?s={search_term_string}"},"query-input":{"@type":"PropertyValueSpecification","valueRequired":true,"valueName":"search_term_string"}}],"inLanguage":"en-GB"},{"@type":"Organization","@id":"https:\/\/psicologaelejido.com\/#organization","name":"Psicologa el ejido","url":"https:\/\/psicologaelejido.com\/","logo":{"@type":"ImageObject","inLanguage":"en-GB","@id":"https:\/\/psicologaelejido.com\/#\/schema\/logo\/image\/","url":"https:\/\/psicologaelejido.com\/wp-content\/uploads\/2025\/01\/Logo-www.png","contentUrl":"https:\/\/psicologaelejido.com\/wp-content\/uploads\/2025\/01\/Logo-www.png","width":300,"height":60,"caption":"Psicologa el ejido"},"image":{"@id":"https:\/\/psicologaelejido.com\/#\/schema\/logo\/image\/"}}]}},"_links":{"self":[{"href":"https:\/\/psicologaelejido.com\/en\/wp-json\/wp\/v2\/pages\/350","targetHints":{"allow":["GET"]}}],"collection":[{"href":"https:\/\/psicologaelejido.com\/en\/wp-json\/wp\/v2\/pages"}],"about":[{"href":"https:\/\/psicologaelejido.com\/en\/wp-json\/wp\/v2\/types\/page"}],"author":[{"embeddable":true,"href":"https:\/\/psicologaelejido.com\/en\/wp-json\/wp\/v2\/users\/2"}],"replies":[{"embeddable":true,"href":"https:\/\/psicologaelejido.com\/en\/wp-json\/wp\/v2\/comments?post=350"}],"version-history":[{"count":6,"href":"https:\/\/psicologaelejido.com\/en\/wp-json\/wp\/v2\/pages\/350\/revisions"}],"predecessor-version":[{"id":358,"href":"https:\/\/psicologaelejido.com\/en\/wp-json\/wp\/v2\/pages\/350\/revisions\/358"}],"wp:attachment":[{"href":"https:\/\/psicologaelejido.com\/en\/wp-json\/wp\/v2\/media?parent=350"}],"curies":[{"name":"wp","href":"https:\/\/api.w.org\/{rel}","templated":true}]}}